{"id":451,"date":"2022-03-23T09:48:36","date_gmt":"2022-03-23T09:48:36","guid":{"rendered":"https:\/\/maresmeboat.com\/producto\/5-dias-completos-300e-descuento\/"},"modified":"2022-05-04T10:36:35","modified_gmt":"2022-05-04T10:36:35","slug":"rent-5-days-and-you-will-get-300e-discount","status":"publish","type":"product","link":"https:\/\/maresmeboat.com\/en\/producto\/rent-5-days-and-you-will-get-300e-discount\/","title":{"rendered":"Rent 5 Days and you will get 300\u20ac DISCOUNT!"},"content":{"rendered":"<div class=\"fusion-fullwidth fullwidth-box fusion-builder-row-1 fusion-flex-container nonhundred-percent-fullwidth non-hundred-percent-height-scrolling\" style=\"background-color: rgba(255,255,255,0);background-position: center center;background-repeat: no-repeat;border-width: 0px 0px 0px 0px;border-color:var(--awb-color3);border-style:solid;\" ><div class=\"fusion-builder-row fusion-row fusion-flex-align-items-flex-start\" style=\"max-width:1248px;margin-left: calc(-4% \/ 2 );margin-right: calc(-4% \/ 2 );\"><div class=\"fusion-layout-column fusion_builder_column fusion-builder-column-0 fusion_builder_column_1_1 1_1 fusion-flex-column\"><div class=\"fusion-column-wrapper fusion-flex-justify-content-flex-start fusion-content-layout-column\" style=\"background-position:left top;background-repeat:no-repeat;-webkit-background-size:cover;-moz-background-size:cover;-o-background-size:cover;background-size:cover;padding: 0px 0px 0px 0px;\"><style type=\"text\/css\">@media only screen and (max-width:1024px) {.fusion-title.fusion-title-1{margin-top:10px!important; margin-right:0px!important;margin-bottom:15px!important;margin-left:0px!important;}}@media only screen and (max-width:640px) {.fusion-title.fusion-title-1{margin-top:10px!important; margin-right:0px!important;margin-bottom:10px!important; margin-left:0px!important;}}<\/style><div class=\"fusion-title title fusion-title-1 fusion-sep-none fusion-title-text fusion-title-size-two\" style=\"margin-top:10px;margin-right:0px;margin-bottom:15px;margin-left:0px;\"><h2 class=\"title-heading-left\" style=\"margin:0;\">By buying 5 Days Pack you will get 300\u20ac discount!<\/h2><\/div><div class=\"fusion-text fusion-text-1\" style=\"text-transform:none;\"><p>It is ideal to enjoy with friends family and kids. You will find the DAC 19 boat in the <b>Port of Matar\u00f3<\/b>, and you will only need the Navigation Licence (Licencia de navegaci\u00f3n &#8211; Titul\u00edn). If you still do not have the title, click in our <em><a href=\"https:\/\/maresmeboat.com\/en\/producto\/navigation-licence-titulin\/\">Course<\/a><\/em> or <a href=\"https:\/\/maresmeboat.com\/en\/producto\/3-half-day-rentals-navigation-licence-course-for-free\/\"><i>Offer Pack<\/i><\/a>.\u00a0<\/p>\n<p>Choose the dates you want to navigate. The 5 days don\u2019t need to be consecutive.<\/p>\n<p>It measures 6 meter length and has <b>capacity for 7 people<\/b>.\u00a0<\/p>\n<p>With a <b>115CV Suzuki engine<\/b> and electronic control, it is very easy to manoeuvre in port.\u00a0<\/p>\n<p>It has a stereo with Bluetooth, an outdoor shower and a ladder for a comfortable entrance to the sea.<\/p>\n<p>It is very spacious and perfect to enjoy a day with friends and family. It has a removable table at the bow, sundeck, and a Bimini top.<\/p>\n<p><b>Fishing:<\/b> It has an open and very wide bow. It has two rod holders installed and has 9\u201d GPS\/Sounder Lowrance Plotter ideal for fishing.<\/p>\n<p>Here you can read the <a href=\"https:\/\/maresmeboat.com\/terminos-y-condiciones\/\">general conditions for the rental<\/a><\/p>\n<\/div><div class=\"fusion-separator fusion-full-width-sep\" style=\"align-self: center;margin-left: auto;margin-right: auto;margin-top:40px;margin-bottom:40px;width:100%;max-width:100%;\"><div class=\"fusion-separator-border sep-single sep-solid\" style=\"border-color:var(--awb-color3);border-top-width:2px;\"><\/div><\/div><style type=\"text\/css\">@media only screen and (max-width:1024px) {.fusion-title.fusion-title-2{margin-top:10px!important; margin-right:0px!important;margin-bottom:15px!important;margin-left:0px!important;}}@media only screen and (max-width:640px) {.fusion-title.fusion-title-2{margin-top:10px!important; margin-right:0px!important;margin-bottom:10px!important; margin-left:0px!important;}}<\/style><div class=\"fusion-title title fusion-title-2 fusion-sep-none fusion-title-text fusion-title-size-two\" style=\"margin-top:10px;margin-right:0px;margin-bottom:15px;margin-left:0px;\"><h2 class=\"title-heading-left\" style=\"margin:0;\">How to use my Pack<\/h2><\/div><div class=\"fusion-text fusion-text-2\" style=\"text-transform:none;\"><div class=\"page\" title=\"Page 3\">\n<div class=\"layoutArea\">\n<div class=\"column\">\n<div class=\"page\" title=\"Page 3\">\n<div class=\"layoutArea\">\n<div class=\"column\">\n<div class=\"page\" title=\"Page 3\">\n<div class=\"layoutArea\">\n<div class=\"column\">\n<p>As soon as you get your <b>5 Day<\/b> <b>Pack <\/b>(8h\/day):<\/p>\n<\/div>\n<\/div>\n<\/div>\n<\/div>\n<\/div>\n<\/div>\n<\/div>\n<\/div>\n<\/div>\n<\/div><ul class=\"fusion-checklist fusion-checklist-1\" style=\"font-size:17px;line-height:28.9px;\"><li style=\"background-color:rgba(255,255,255,0);\" class=\"fusion-li-item\"><span style=\"background-color:var(--awb-color4);font-size:14.96px;height:28.9px;width:28.9px;margin-right:11.9px;\" class=\"icon-wrapper circle-yes\"><i class=\"fusion-li-icon fa-check fas\" style=\"color:var(--awb-color1);\" aria-hidden=\"true\"><\/i><\/span><div class=\"fusion-li-item-content\" style=\"margin-left:40.8px;color:var(--awb-color8);\">\n<p>Send us your navigation licence and your ID to <a href=\"about:blank\">info@maresmeboat.com<\/a><\/p>\n<\/div><\/li><li style=\"background-color:rgba(255,255,255,0);\" class=\"fusion-li-item\"><span style=\"background-color:var(--awb-color4);font-size:14.96px;height:28.9px;width:28.9px;margin-right:11.9px;\" class=\"icon-wrapper circle-yes\"><i class=\"fusion-li-icon fa-check fas\" style=\"color:var(--awb-color1);\" aria-hidden=\"true\"><\/i><\/span><div class=\"fusion-li-item-content\" style=\"margin-left:40.8px;color:var(--awb-color8);\">\n<p><b>You will receive 5 codes<\/b> (one per day) so <b>you can book the DAC 19<\/b> <b>boat <\/b>through the web whenever you want.<\/p>\n<\/div><\/li><\/ul><div class=\"fusion-separator fusion-full-width-sep\" style=\"align-self: center;margin-left: auto;margin-right: auto;margin-top:40px;margin-bottom:40px;width:100%;max-width:100%;\"><div class=\"fusion-separator-border sep-single sep-solid\" style=\"border-color:var(--awb-color3);border-top-width:2px;\"><\/div><\/div><style type=\"text\/css\">@media only screen and (max-width:1024px) {.fusion-title.fusion-title-3{margin-top:10px!important; margin-right:0px!important;margin-bottom:15px!important;margin-left:0px!important;}}@media only screen and (max-width:640px) {.fusion-title.fusion-title-3{margin-top:10px!important; margin-right:0px!important;margin-bottom:10px!important; margin-left:0px!important;}}<\/style><div class=\"fusion-title title fusion-title-3 fusion-sep-none fusion-title-text fusion-title-size-two\" style=\"margin-top:10px;margin-right:0px;margin-bottom:15px;margin-left:0px;\"><h2 class=\"title-heading-left\" style=\"margin:0;\">Location<\/h2><\/div><div class=\"fusion-text fusion-text-3\" style=\"text-transform:none;\"><p><strong>Boat location:<\/strong><br \/>Port of Mataro<br \/>Dock D<\/p>\n<\/div><div class=\"fusion-text fusion-text-4\" style=\"text-transform:none;\"><p><iframe style=\"border: 0;\" src=\"https:\/\/www.google.com\/maps\/embed?pb=!1m14!1m8!1m3!1d5973.5378881516635!2d2.445107170822668!3d41.53094535437583!3m2!1i1024!2i768!4f13.1!3m3!1m2!1s0x0%3A0xbcd26608dffc98e!2sPuerto%20de%20Matar%C3%B3!5e0!3m2!1ses!2ses!4v1647861513673!5m2!1ses!2ses\" width=\"100%\" height=\"400\" allowfullscreen=\"allowfullscreen\"><\/iframe><\/p>\n<\/div><\/div><style type=\"text\/css\">.fusion-body .fusion-builder-column-0{width:100% !important;margin-top : 0px;margin-bottom : 20px;}.fusion-builder-column-0 > .fusion-column-wrapper {padding-top : 0px !important;padding-right : 0px !important;margin-right : 1.92%;padding-bottom : 0px !important;padding-left : 0px !important;margin-left : 1.92%;}@media only screen and (max-width:1024px) {.fusion-body .fusion-builder-column-0{width:100% !important;order : 0;}.fusion-builder-column-0 > .fusion-column-wrapper {margin-right : 1.92%;margin-left : 1.92%;}}@media only screen and (max-width:640px) {.fusion-body .fusion-builder-column-0{width:100% !important;order : 0;}.fusion-builder-column-0 > .fusion-column-wrapper {margin-right : 1.92%;margin-left : 1.92%;}}<\/style><\/div><\/div><style type=\"text\/css\">.fusion-body .fusion-flex-container.fusion-builder-row-1{ padding-top : 0px;margin-top : 0px;padding-right : 0px;padding-bottom : 40px;margin-bottom : 0px;padding-left : 0px;}<\/style><\/div>\n","protected":false},"excerpt":{"rendered":"<p>It is ideal to enjoy with friends family and kids. You will find the DAC 19 boat in the <b>Port of Matar\u00f3<\/b>, and you will only need the Navigation Licence (Licencia de navegaci\u00f3n &#8211; Titul\u00edn).<\/p>\n","protected":false},"featured_media":551,"comment_status":"open","ping_status":"closed","template":"","meta":[],"product_cat":[44],"product_tag":[47],"class_list":["post-451","product","type-product","status-publish","has-post-thumbnail","hentry","product_cat-offers","product_tag-ofertas-en"],"yoast_head":"<!-- This site is optimized with the Yoast SEO plugin v21.0 - https:\/\/yoast.com\/wordpress\/plugins\/seo\/ -->\n<title>Rent 5 Days and you will get 300\u20ac DISCOUNT! - Maresmeboat<\/title>\n<meta name=\"robots\" content=\"index, follow, max-snippet:-1, max-image-preview:large, max-video-preview:-1\" \/>\n<link rel=\"canonical\" href=\"https:\/\/maresmeboat.com\/en\/producto\/rent-5-days-and-you-will-get-300e-discount\/\" \/>\n<meta property=\"og:locale\" content=\"en_US\" \/>\n<meta property=\"og:type\" content=\"article\" \/>\n<meta property=\"og:title\" content=\"Rent 5 Days and you will get 300\u20ac DISCOUNT! - Maresmeboat\" \/>\n<meta property=\"og:description\" content=\"It is ideal to enjoy with friends family and kids. You will find the DAC 19 boat in the Port of Matar\u00f3, and you will only need the Navigation Licence (Licencia de navegaci\u00f3n - Titul\u00edn).\" \/>\n<meta property=\"og:url\" content=\"https:\/\/maresmeboat.com\/en\/producto\/rent-5-days-and-you-will-get-300e-discount\/\" \/>\n<meta property=\"og:site_name\" content=\"Maresmeboat\" \/>\n<meta property=\"article:modified_time\" content=\"2022-05-04T10:36:35+00:00\" \/>\n<meta property=\"og:image\" content=\"https:\/\/maresmeboat.com\/wp-content\/uploads\/2022\/03\/Foto-Portada-Pack-5-dias-ok.jpg\" \/>\n\t<meta property=\"og:image:width\" content=\"1024\" \/>\n\t<meta property=\"og:image:height\" content=\"768\" \/>\n\t<meta property=\"og:image:type\" content=\"image\/jpeg\" \/>\n<meta name=\"twitter:card\" content=\"summary_large_image\" \/>\n<meta name=\"twitter:label1\" content=\"Est. reading time\" \/>\n\t<meta name=\"twitter:data1\" content=\"9 minutes\" \/>\n<script type=\"application\/ld+json\" class=\"yoast-schema-graph\">{\"@context\":\"https:\/\/schema.org\",\"@graph\":[{\"@type\":\"WebPage\",\"@id\":\"https:\/\/maresmeboat.com\/en\/producto\/rent-5-days-and-you-will-get-300e-discount\/\",\"url\":\"https:\/\/maresmeboat.com\/en\/producto\/rent-5-days-and-you-will-get-300e-discount\/\",\"name\":\"Rent 5 Days and you will get 300\u20ac DISCOUNT! - Maresmeboat\",\"isPartOf\":{\"@id\":\"https:\/\/maresmeboat.com\/#website\"},\"datePublished\":\"2022-03-23T09:48:36+00:00\",\"dateModified\":\"2022-05-04T10:36:35+00:00\",\"breadcrumb\":{\"@id\":\"https:\/\/maresmeboat.com\/en\/producto\/rent-5-days-and-you-will-get-300e-discount\/#breadcrumb\"},\"inLanguage\":\"en-US\",\"potentialAction\":[{\"@type\":\"ReadAction\",\"target\":[\"https:\/\/maresmeboat.com\/en\/producto\/rent-5-days-and-you-will-get-300e-discount\/\"]}]},{\"@type\":\"BreadcrumbList\",\"@id\":\"https:\/\/maresmeboat.com\/en\/producto\/rent-5-days-and-you-will-get-300e-discount\/#breadcrumb\",\"itemListElement\":[{\"@type\":\"ListItem\",\"position\":1,\"name\":\"Portada\",\"item\":\"https:\/\/maresmeboat.com\/en\/\"},{\"@type\":\"ListItem\",\"position\":2,\"name\":\"Shop\",\"item\":\"https:\/\/maresmeboat.com\/en\/shop\/\"},{\"@type\":\"ListItem\",\"position\":3,\"name\":\"Rent 5 Days and you will get 300\u20ac DISCOUNT!\"}]},{\"@type\":\"WebSite\",\"@id\":\"https:\/\/maresmeboat.com\/#website\",\"url\":\"https:\/\/maresmeboat.com\/\",\"name\":\"Maresmeboat\",\"description\":\"\",\"potentialAction\":[{\"@type\":\"SearchAction\",\"target\":{\"@type\":\"EntryPoint\",\"urlTemplate\":\"https:\/\/maresmeboat.com\/?s={search_term_string}\"},\"query-input\":\"required name=search_term_string\"}],\"inLanguage\":\"en-US\"}]}<\/script>\n<!-- \/ Yoast SEO plugin. -->","yoast_head_json":{"title":"Rent 5 Days and you will get 300\u20ac DISCOUNT! - Maresmeboat","robots":{"index":"index","follow":"follow","max-snippet":"max-snippet:-1","max-image-preview":"max-image-preview:large","max-video-preview":"max-video-preview:-1"},"canonical":"https:\/\/maresmeboat.com\/en\/producto\/rent-5-days-and-you-will-get-300e-discount\/","og_locale":"en_US","og_type":"article","og_title":"Rent 5 Days and you will get 300\u20ac DISCOUNT! - Maresmeboat","og_description":"It is ideal to enjoy with friends family and kids. You will find the DAC 19 boat in the Port of Matar\u00f3, and you will only need the Navigation Licence (Licencia de navegaci\u00f3n - Titul\u00edn).","og_url":"https:\/\/maresmeboat.com\/en\/producto\/rent-5-days-and-you-will-get-300e-discount\/","og_site_name":"Maresmeboat","article_modified_time":"2022-05-04T10:36:35+00:00","og_image":[{"width":1024,"height":768,"url":"https:\/\/maresmeboat.com\/wp-content\/uploads\/2022\/03\/Foto-Portada-Pack-5-dias-ok.jpg","type":"image\/jpeg"}],"twitter_card":"summary_large_image","twitter_misc":{"Est. reading time":"9 minutes"},"schema":{"@context":"https:\/\/schema.org","@graph":[{"@type":"WebPage","@id":"https:\/\/maresmeboat.com\/en\/producto\/rent-5-days-and-you-will-get-300e-discount\/","url":"https:\/\/maresmeboat.com\/en\/producto\/rent-5-days-and-you-will-get-300e-discount\/","name":"Rent 5 Days and you will get 300\u20ac DISCOUNT! - Maresmeboat","isPartOf":{"@id":"https:\/\/maresmeboat.com\/#website"},"datePublished":"2022-03-23T09:48:36+00:00","dateModified":"2022-05-04T10:36:35+00:00","breadcrumb":{"@id":"https:\/\/maresmeboat.com\/en\/producto\/rent-5-days-and-you-will-get-300e-discount\/#breadcrumb"},"inLanguage":"en-US","potentialAction":[{"@type":"ReadAction","target":["https:\/\/maresmeboat.com\/en\/producto\/rent-5-days-and-you-will-get-300e-discount\/"]}]},{"@type":"BreadcrumbList","@id":"https:\/\/maresmeboat.com\/en\/producto\/rent-5-days-and-you-will-get-300e-discount\/#breadcrumb","itemListElement":[{"@type":"ListItem","position":1,"name":"Portada","item":"https:\/\/maresmeboat.com\/en\/"},{"@type":"ListItem","position":2,"name":"Shop","item":"https:\/\/maresmeboat.com\/en\/shop\/"},{"@type":"ListItem","position":3,"name":"Rent 5 Days and you will get 300\u20ac DISCOUNT!"}]},{"@type":"WebSite","@id":"https:\/\/maresmeboat.com\/#website","url":"https:\/\/maresmeboat.com\/","name":"Maresmeboat","description":"","potentialAction":[{"@type":"SearchAction","target":{"@type":"EntryPoint","urlTemplate":"https:\/\/maresmeboat.com\/?s={search_term_string}"},"query-input":"required name=search_term_string"}],"inLanguage":"en-US"}]}},"_links":{"self":[{"href":"https:\/\/maresmeboat.com\/en\/wp-json\/wp\/v2\/product\/451","targetHints":{"allow":["GET"]}}],"collection":[{"href":"https:\/\/maresmeboat.com\/en\/wp-json\/wp\/v2\/product"}],"about":[{"href":"https:\/\/maresmeboat.com\/en\/wp-json\/wp\/v2\/types\/product"}],"replies":[{"embeddable":true,"href":"https:\/\/maresmeboat.com\/en\/wp-json\/wp\/v2\/comments?post=451"}],"wp:featuredmedia":[{"embeddable":true,"href":"https:\/\/maresmeboat.com\/en\/wp-json\/wp\/v2\/media\/551"}],"wp:attachment":[{"href":"https:\/\/maresmeboat.com\/en\/wp-json\/wp\/v2\/media?parent=451"}],"wp:term":[{"taxonomy":"product_cat","embeddable":true,"href":"https:\/\/maresmeboat.com\/en\/wp-json\/wp\/v2\/product_cat?post=451"},{"taxonomy":"product_tag","embeddable":true,"href":"https:\/\/maresmeboat.com\/en\/wp-json\/wp\/v2\/product_tag?post=451"}],"curies":[{"name":"wp","href":"https:\/\/api.w.org\/{rel}","templated":true}]}}